{"id":886,"date":"2020-05-08T14:35:13","date_gmt":"2020-05-08T14:35:13","guid":{"rendered":"http:\/\/guidedlauchkit.flywheelsites.com\/?page_id=886"},"modified":"2026-01-27T13:45:04","modified_gmt":"2026-01-27T18:45:04","slug":"services","status":"publish","type":"page","link":"https:\/\/curabrasil.org\/pt\/services\/","title":{"rendered":"Servi\u00e7os"},"content":{"rendered":"<div data-elementor-type=\"wp-page\" data-elementor-id=\"886\" class=\"elementor elementor-886\" data-elementor-post-type=\"page\">\n\t\t\t\t<div class=\"elementor-element elementor-element-85d6a43 e-flex e-con-boxed e-con e-parent\" data-id=\"85d6a43\" data-element_type=\"container\" data-e-type=\"container\" data-settings=\"{&quot;background_background&quot;:&quot;classic&quot;}\">\n\t\t\t\t\t<div class=\"e-con-inner\">\n\t\t<div class=\"elementor-element elementor-element-c3394fc e-con-full e-flex e-con e-child\" data-id=\"c3394fc\" data-element_type=\"container\" data-e-type=\"container\">\n\t\t\t\t<div class=\"elementor-element elementor-element-aba47fd elementor-widget elementor-widget-heading\" data-id=\"aba47fd\" data-element_type=\"widget\" data-e-type=\"widget\" data-widget_type=\"heading.default\">\n\t\t\t\t<div class=\"elementor-widget-container\">\n\t\t\t\t\t<h2 class=\"elementor-heading-title elementor-size-default\">Como Ajudamos<\/h2>\t\t\t\t<\/div>\n\t\t\t\t<\/div>\n\t\t\t\t<\/div>\n\t\t\t\t\t<\/div>\n\t\t\t\t<\/div>\n\t\t<div class=\"elementor-element elementor-element-1f77a2e e-flex e-con-boxed e-con e-parent\" data-id=\"1f77a2e\" data-element_type=\"container\" data-e-type=\"container\" data-settings=\"{&quot;background_background&quot;:&quot;classic&quot;}\">\n\t\t\t\t\t<div class=\"e-con-inner\">\n\t\t<div class=\"elementor-element elementor-element-376c584 e-con-full e-flex e-con e-child\" data-id=\"376c584\" data-element_type=\"container\" data-e-type=\"container\">\n\t\t<div class=\"elementor-element elementor-element-a454d3e e-con-full e-flex e-con e-child\" data-id=\"a454d3e\" data-element_type=\"container\" data-e-type=\"container\" data-settings=\"{&quot;background_background&quot;:&quot;classic&quot;}\">\n\t\t<div class=\"elementor-element elementor-element-80742c6 e-con-full e-flex e-con e-child\" data-id=\"80742c6\" data-element_type=\"container\" data-e-type=\"container\">\n\t\t\t\t<div class=\"elementor-element elementor-element-895a0f5 elementor-widget elementor-widget-image\" data-id=\"895a0f5\" data-element_type=\"widget\" data-e-type=\"widget\" data-widget_type=\"image.default\">\n\t\t\t\t<div class=\"elementor-widget-container\">\n\t\t\t\t\t\t\t\t\t\t\t\t\t\t\t<img fetchpriority=\"high\" decoding=\"async\" width=\"800\" height=\"449\" src=\"https:\/\/curabrasil.org\/wp-content\/uploads\/2025\/09\/cura-brasil-photos-172-1024x575.webp\" class=\"attachment-large size-large wp-image-5650\" alt=\"\" srcset=\"https:\/\/curabrasil.org\/wp-content\/uploads\/2025\/09\/cura-brasil-photos-172-1024x575.webp 1024w, https:\/\/curabrasil.org\/wp-content\/uploads\/2025\/09\/cura-brasil-photos-172-300x168.webp 300w, https:\/\/curabrasil.org\/wp-content\/uploads\/2025\/09\/cura-brasil-photos-172-768x431.webp 768w, https:\/\/curabrasil.org\/wp-content\/uploads\/2025\/09\/cura-brasil-photos-172-1536x862.webp 1536w, https:\/\/curabrasil.org\/wp-content\/uploads\/2025\/09\/cura-brasil-photos-172-2048x1149.webp 2048w\" sizes=\"(max-width: 800px) 100vw, 800px\" \/>\t\t\t\t\t\t\t\t\t\t\t\t\t\t\t<\/div>\n\t\t\t\t<\/div>\n\t\t\t\t<\/div>\n\t\t<div class=\"elementor-element elementor-element-6661dcd e-con-full e-flex e-con e-child\" data-id=\"6661dcd\" data-element_type=\"container\" data-e-type=\"container\" data-settings=\"{&quot;background_background&quot;:&quot;classic&quot;}\">\n\t\t\t\t<div class=\"elementor-element elementor-element-fd6f062 elementor-widget elementor-widget-heading\" data-id=\"fd6f062\" data-element_type=\"widget\" data-e-type=\"widget\" data-widget_type=\"heading.default\">\n\t\t\t\t<div class=\"elementor-widget-container\">\n\t\t\t\t\t<h2 class=\"elementor-heading-title elementor-size-default\">Servi\u00e7os M\u00e9dicos Gratuitos<\/h2>\t\t\t\t<\/div>\n\t\t\t\t<\/div>\n\t\t\t\t<div class=\"elementor-element elementor-element-a4237e7 elementor-widget elementor-widget-text-editor\" data-id=\"a4237e7\" data-element_type=\"widget\" data-e-type=\"widget\" data-widget_type=\"text-editor.default\">\n\t\t\t\t<div class=\"elementor-widget-container\">\n\t\t\t\t\t\t\t\t\t<p>O CURA BRASIL tem o compromisso de fornecer atendimento m\u00e9dico gratuito e de alta qualidade para aqueles que, de outra forma, n\u00e3o teriam acesso a ele. Nossos m\u00e9dicos, enfermeiros e profissionais de sa\u00fade volunt\u00e1rios oferecem servi\u00e7os em diversas especialidades, incluindo oftalmologia, ginecologia, odontologia, ortopedia, fisioterapia, cl\u00ednica geral e pediatria. Ao atender \u00e0s necessidades essenciais de sa\u00fade, ajudamos a melhorar a qualidade de vida de indiv\u00edduos e fam\u00edlias, promovendo dignidade e esperan\u00e7a. Cada consulta n\u00e3o se resume apenas ao tratamento, mas tamb\u00e9m \u00e0 compaix\u00e3o, garantindo que os pacientes se sintam valorizados, cuidados e respeitados.<\/p>\t\t\t\t\t\t\t\t<\/div>\n\t\t\t\t<\/div>\n\t\t\t\t<div class=\"elementor-element elementor-element-e23f857 elementor-align-left elementor-mobile-align-left elementor-widget elementor-widget-button\" data-id=\"e23f857\" data-element_type=\"widget\" data-e-type=\"widget\" data-widget_type=\"button.default\">\n\t\t\t\t<div class=\"elementor-widget-container\">\n\t\t\t\t\t\t\t\t\t<div class=\"elementor-button-wrapper\">\n\t\t\t\t\t<a class=\"elementor-button elementor-button-link elementor-size-sm\" href=\"\/pt\/contact-us\/\">\n\t\t\t\t\t\t<span class=\"elementor-button-content-wrapper\">\n\t\t\t\t\t\t\t\t\t<span class=\"elementor-button-text\">Participe<\/span>\n\t\t\t\t\t<\/span>\n\t\t\t\t\t<\/a>\n\t\t\t\t<\/div>\n\t\t\t\t\t\t\t\t<\/div>\n\t\t\t\t<\/div>\n\t\t\t\t<\/div>\n\t\t\t\t<\/div>\n\t\t<div class=\"elementor-element elementor-element-e8dad6b e-con-full e-flex e-con e-child\" data-id=\"e8dad6b\" data-element_type=\"container\" data-e-type=\"container\" data-settings=\"{&quot;background_background&quot;:&quot;classic&quot;}\">\n\t\t<div class=\"elementor-element elementor-element-933c74f e-con-full e-flex e-con e-child\" data-id=\"933c74f\" data-element_type=\"container\" data-e-type=\"container\">\n\t\t\t\t<div class=\"elementor-element elementor-element-c92dd32 elementor-skin-carousel elementor-arrows-yes elementor-widget elementor-widget-media-carousel\" data-id=\"c92dd32\" data-element_type=\"widget\" data-e-type=\"widget\" data-settings=\"{&quot;slides_per_view&quot;:&quot;1&quot;,&quot;autoplay_speed&quot;:7000,&quot;lazyload&quot;:&quot;yes&quot;,&quot;skin&quot;:&quot;carousel&quot;,&quot;effect&quot;:&quot;slide&quot;,&quot;show_arrows&quot;:&quot;yes&quot;,&quot;speed&quot;:500,&quot;autoplay&quot;:&quot;yes&quot;,&quot;loop&quot;:&quot;yes&quot;,&quot;pause_on_hover&quot;:&quot;yes&quot;,&quot;pause_on_interaction&quot;:&quot;yes&quot;,&quot;space_between&quot;:{&quot;unit&quot;:&quot;px&quot;,&quot;size&quot;:10,&quot;sizes&quot;:[]},&quot;space_between_tablet&quot;:{&quot;unit&quot;:&quot;px&quot;,&quot;size&quot;:10,&quot;sizes&quot;:[]},&quot;space_between_mobile&quot;:{&quot;unit&quot;:&quot;px&quot;,&quot;size&quot;:10,&quot;sizes&quot;:[]}}\" data-widget_type=\"media-carousel.default\">\n\t\t\t\t<div class=\"elementor-widget-container\">\n\t\t\t\t\t\t\t\t\t<div class=\"elementor-swiper\">\n\t\t\t\t\t<div class=\"elementor-main-swiper swiper\" role=\"region\" aria-roledescription=\"carousel\" aria-label=\"Slides\">\n\t\t\t\t<div class=\"swiper-wrapper\">\n\t\t\t\t\t\t\t\t\t\t\t<div class=\"swiper-slide\" role=\"group\" aria-roledescription=\"slide\">\n\t\t\t\t\t\t\t\t\t<div class=\"elementor-carousel-image swiper-lazy\" role=\"img\" aria-label=\"cura-brasil-photos-334\" data-background=\"https:\/\/curabrasil.org\/wp-content\/uploads\/2025\/09\/cura-brasil-photos-334.webp\">\n\n\t\t\t\t\t\t\t<div class=\"swiper-lazy-preloader\"><\/div>\n\t\t\t\n\t\t\t\t\t<\/div>\n\t\t\t\t\t\t\t\t<\/div>\n\t\t\t\t\t\t\t\t\t\t\t<div class=\"swiper-slide\" role=\"group\" aria-roledescription=\"slide\">\n\t\t\t\t\t\t\t\t\t<div class=\"elementor-carousel-image swiper-lazy\" role=\"img\" aria-label=\"cura-brasil-photos-044\" data-background=\"https:\/\/curabrasil.org\/wp-content\/uploads\/2025\/09\/cura-brasil-photos-044.webp\">\n\n\t\t\t\t\t\t\t<div class=\"swiper-lazy-preloader\"><\/div>\n\t\t\t\n\t\t\t\t\t<\/div>\n\t\t\t\t\t\t\t\t<\/div>\n\t\t\t\t\t\t\t\t\t\t\t<div class=\"swiper-slide\" role=\"group\" aria-roledescription=\"slide\">\n\t\t\t\t\t\t\t\t\t<div class=\"elementor-carousel-image swiper-lazy\" role=\"img\" aria-label=\"cura-brasil-photos-146\" data-background=\"https:\/\/curabrasil.org\/wp-content\/uploads\/2025\/09\/cura-brasil-photos-146.webp\">\n\n\t\t\t\t\t\t\t<div class=\"swiper-lazy-preloader\"><\/div>\n\t\t\t\n\t\t\t\t\t<\/div>\n\t\t\t\t\t\t\t\t<\/div>\n\t\t\t\t\t\t\t\t\t\t\t<div class=\"swiper-slide\" role=\"group\" aria-roledescription=\"slide\">\n\t\t\t\t\t\t\t\t\t<div class=\"elementor-carousel-image swiper-lazy\" role=\"img\" aria-label=\"cura-brasil-photos-311\" data-background=\"https:\/\/curabrasil.org\/wp-content\/uploads\/2025\/09\/cura-brasil-photos-311.webp\">\n\n\t\t\t\t\t\t\t<div class=\"swiper-lazy-preloader\"><\/div>\n\t\t\t\n\t\t\t\t\t<\/div>\n\t\t\t\t\t\t\t\t<\/div>\n\t\t\t\t\t\t\t\t\t<\/div>\n\t\t\t\t\t\t\t\t\t\t\t\t\t\t\t<div class=\"elementor-swiper-button elementor-swiper-button-prev\" role=\"button\" tabindex=\"0\" aria-label=\"Anterior\">\n\t\t\t\t\t\t\t<i aria-hidden=\"true\" class=\"eicon-chevron-left\"><\/i>\t\t\t\t\t\t<\/div>\n\t\t\t\t\t\t<div class=\"elementor-swiper-button elementor-swiper-button-next\" role=\"button\" tabindex=\"0\" aria-label=\"Pr\u00f3ximo\">\n\t\t\t\t\t\t\t<i aria-hidden=\"true\" class=\"eicon-chevron-right\"><\/i>\t\t\t\t\t\t<\/div>\n\t\t\t\t\t\t\t\t\t\t\t\t\t\t\t\t\t<\/div>\n\t\t\t\t<\/div>\n\t\t\t\t\t\t\t\t<\/div>\n\t\t\t\t<\/div>\n\t\t\t\t<\/div>\n\t\t<div class=\"elementor-element elementor-element-fd9c1f7 e-con-full e-flex e-con e-child\" data-id=\"fd9c1f7\" data-element_type=\"container\" data-e-type=\"container\" data-settings=\"{&quot;background_background&quot;:&quot;classic&quot;}\">\n\t\t\t\t<div class=\"elementor-element elementor-element-9971616 elementor-widget elementor-widget-heading\" data-id=\"9971616\" data-element_type=\"widget\" data-e-type=\"widget\" data-widget_type=\"heading.default\">\n\t\t\t\t<div class=\"elementor-widget-container\">\n\t\t\t\t\t<h2 class=\"elementor-heading-title elementor-size-default\">A Equipe Cora\u00e7\u00e3o<\/h2>\t\t\t\t<\/div>\n\t\t\t\t<\/div>\n\t\t\t\t<div class=\"elementor-element elementor-element-bb4ed3b elementor-widget elementor-widget-text-editor\" data-id=\"bb4ed3b\" data-element_type=\"widget\" data-e-type=\"widget\" data-widget_type=\"text-editor.default\">\n\t\t\t\t<div class=\"elementor-widget-container\">\n\t\t\t\t\t\t\t\t\t<div>A Equipe Cora\u00e7\u00e3o oferece apoio emocional e espiritual \u00e0s pessoas que atendemos durante as nossas campanhas.<\/div><div>Seu prop\u00f3sito \u00e9 ouvir, aconselhar, orar e trazer for\u00e7a \u00e0queles que est\u00e3o passando por momentos dif\u00edceis, buscando atender \u00e0s suas necessidades emocionais mais profundas.<\/div><div>\u00c9 composta por volunt\u00e1rios corajosos e de cora\u00e7\u00e3o humilde, que servem com empatia, ora\u00e7\u00e3o e encorajamento, compartilhando a dor e a esperan\u00e7a da comunidade que encontram em cada encontro.<\/div>\t\t\t\t\t\t\t\t<\/div>\n\t\t\t\t<\/div>\n\t\t\t\t<div class=\"elementor-element elementor-element-5bcbf51 elementor-align-left elementor-mobile-align-left elementor-widget elementor-widget-button\" data-id=\"5bcbf51\" data-element_type=\"widget\" data-e-type=\"widget\" data-widget_type=\"button.default\">\n\t\t\t\t<div class=\"elementor-widget-container\">\n\t\t\t\t\t\t\t\t\t<div class=\"elementor-button-wrapper\">\n\t\t\t\t\t<a class=\"elementor-button elementor-button-link elementor-size-sm\" href=\"\/pt\/contact-us\/\">\n\t\t\t\t\t\t<span class=\"elementor-button-content-wrapper\">\n\t\t\t\t\t\t\t\t\t<span class=\"elementor-button-text\">Participe<\/span>\n\t\t\t\t\t<\/span>\n\t\t\t\t\t<\/a>\n\t\t\t\t<\/div>\n\t\t\t\t\t\t\t\t<\/div>\n\t\t\t\t<\/div>\n\t\t\t\t<\/div>\n\t\t\t\t<\/div>\n\t\t<div class=\"elementor-element elementor-element-dd315b4 e-con-full e-flex e-con e-child\" data-id=\"dd315b4\" data-element_type=\"container\" data-e-type=\"container\" data-settings=\"{&quot;background_background&quot;:&quot;classic&quot;}\">\n\t\t<div class=\"elementor-element elementor-element-4df48dd e-con-full e-flex e-con e-child\" data-id=\"4df48dd\" data-element_type=\"container\" data-e-type=\"container\">\n\t\t\t\t<div class=\"elementor-element elementor-element-f476e8c elementor-widget elementor-widget-image\" data-id=\"f476e8c\" data-element_type=\"widget\" data-e-type=\"widget\" data-widget_type=\"image.default\">\n\t\t\t\t<div class=\"elementor-widget-container\">\n\t\t\t\t\t\t\t\t\t\t\t\t\t\t\t<img decoding=\"async\" width=\"576\" height=\"1024\" src=\"https:\/\/curabrasil.org\/wp-content\/uploads\/2025\/09\/cura-brasil-photos-004-576x1024.webp\" class=\"attachment-large size-large wp-image-5482\" alt=\"\" srcset=\"https:\/\/curabrasil.org\/wp-content\/uploads\/2025\/09\/cura-brasil-photos-004-576x1024.webp 576w, https:\/\/curabrasil.org\/wp-content\/uploads\/2025\/09\/cura-brasil-photos-004-169x300.webp 169w, https:\/\/curabrasil.org\/wp-content\/uploads\/2025\/09\/cura-brasil-photos-004-768x1366.webp 768w, https:\/\/curabrasil.org\/wp-content\/uploads\/2025\/09\/cura-brasil-photos-004-864x1536.webp 864w, https:\/\/curabrasil.org\/wp-content\/uploads\/2025\/09\/cura-brasil-photos-004-1152x2048.webp 1152w, https:\/\/curabrasil.org\/wp-content\/uploads\/2025\/09\/cura-brasil-photos-004-scaled.webp 1440w\" sizes=\"(max-width: 576px) 100vw, 576px\" \/>\t\t\t\t\t\t\t\t\t\t\t\t\t\t\t<\/div>\n\t\t\t\t<\/div>\n\t\t\t\t<\/div>\n\t\t<div class=\"elementor-element elementor-element-0120a97 e-con-full e-flex e-con e-child\" data-id=\"0120a97\" data-element_type=\"container\" data-e-type=\"container\" data-settings=\"{&quot;background_background&quot;:&quot;classic&quot;}\">\n\t\t\t\t<div class=\"elementor-element elementor-element-ddbbcc5 elementor-widget elementor-widget-heading\" data-id=\"ddbbcc5\" data-element_type=\"widget\" data-e-type=\"widget\" data-widget_type=\"heading.default\">\n\t\t\t\t<div class=\"elementor-widget-container\">\n\t\t\t\t\t<h2 class=\"elementor-heading-title elementor-size-default\">CURA Comunidade<\/h2>\t\t\t\t<\/div>\n\t\t\t\t<\/div>\n\t\t\t\t<div class=\"elementor-element elementor-element-111ec39 elementor-widget elementor-widget-text-editor\" data-id=\"111ec39\" data-element_type=\"widget\" data-e-type=\"widget\" data-widget_type=\"text-editor.default\">\n\t\t\t\t<div class=\"elementor-widget-container\">\n\t\t\t\t\t\t\t\t\t<div>A equipe de rua, conhecida como CURA Comunidade, presta assist\u00eancia direta \u00e0s fam\u00edlias, oferecendo suporte com moradia, pequenos reparos e melhorias residenciais para as pessoas nas comunidades que atendemos.<\/div><div>Nosso objetivo \u00e9 atender \u00e0s necessidades b\u00e1sicas e fornecer ajuda pr\u00e1tica por meio de assist\u00eancia social, cestas b\u00e1sicas ou encaminhamentos para servi\u00e7os p\u00fablicos, facilitando o acesso dos pacientes \u00e0 ajuda de que precisam.<\/div><div>\u00a0<\/div><div>Tamb\u00e9m realizamos pequenos reparos e servi\u00e7os de limpeza em resid\u00eancias, principalmente em situa\u00e7\u00f5es em que os moradores est\u00e3o doentes e incapazes de cuidar de suas casas.<\/div><div>Essa equipe de rua sempre trabalha em conjunto com um assistente social ou um m\u00e9dico de fam\u00edlia, que realiza visitas domiciliares para entender por que a pessoa n\u00e3o conseguiu chegar a um centro de sa\u00fade ou hospital para receber tratamento.<\/div><div>\u00a0<\/div><div>Em sua ess\u00eancia, o CURA Comunidade significa irmos at\u00e9 a casa das pessoas para ouvir, compreender e agir com compaix\u00e3o e cuidado dentro de suas comunidades.<\/div>\t\t\t\t\t\t\t\t<\/div>\n\t\t\t\t<\/div>\n\t\t\t\t<div class=\"elementor-element elementor-element-7e8da96 elementor-align-left elementor-mobile-align-left elementor-widget elementor-widget-button\" data-id=\"7e8da96\" data-element_type=\"widget\" data-e-type=\"widget\" data-widget_type=\"button.default\">\n\t\t\t\t<div class=\"elementor-widget-container\">\n\t\t\t\t\t\t\t\t\t<div class=\"elementor-button-wrapper\">\n\t\t\t\t\t<a class=\"elementor-button elementor-button-link elementor-size-sm\" href=\"\/pt\/contact-us\/\">\n\t\t\t\t\t\t<span class=\"elementor-button-content-wrapper\">\n\t\t\t\t\t\t\t\t\t<span class=\"elementor-button-text\">Participe<\/span>\n\t\t\t\t\t<\/span>\n\t\t\t\t\t<\/a>\n\t\t\t\t<\/div>\n\t\t\t\t\t\t\t\t<\/div>\n\t\t\t\t<\/div>\n\t\t\t\t<\/div>\n\t\t\t\t<\/div>\n\t\t<div class=\"elementor-element elementor-element-f1381aa e-con-full e-flex e-con e-child\" data-id=\"f1381aa\" data-element_type=\"container\" data-e-type=\"container\" data-settings=\"{&quot;background_background&quot;:&quot;classic&quot;}\">\n\t\t<div class=\"elementor-element elementor-element-3ebd4a1 e-con-full e-flex e-con e-child\" data-id=\"3ebd4a1\" data-element_type=\"container\" data-e-type=\"container\">\n\t\t\t\t<div class=\"elementor-element elementor-element-7d8bbe7 elementor-skin-carousel elementor-arrows-yes elementor-widget elementor-widget-media-carousel\" data-id=\"7d8bbe7\" data-element_type=\"widget\" data-e-type=\"widget\" data-settings=\"{&quot;slides_per_view&quot;:&quot;1&quot;,&quot;autoplay_speed&quot;:7000,&quot;lazyload&quot;:&quot;yes&quot;,&quot;skin&quot;:&quot;carousel&quot;,&quot;effect&quot;:&quot;slide&quot;,&quot;show_arrows&quot;:&quot;yes&quot;,&quot;speed&quot;:500,&quot;autoplay&quot;:&quot;yes&quot;,&quot;loop&quot;:&quot;yes&quot;,&quot;pause_on_hover&quot;:&quot;yes&quot;,&quot;pause_on_interaction&quot;:&quot;yes&quot;,&quot;space_between&quot;:{&quot;unit&quot;:&quot;px&quot;,&quot;size&quot;:10,&quot;sizes&quot;:[]},&quot;space_between_tablet&quot;:{&quot;unit&quot;:&quot;px&quot;,&quot;size&quot;:10,&quot;sizes&quot;:[]},&quot;space_between_mobile&quot;:{&quot;unit&quot;:&quot;px&quot;,&quot;size&quot;:10,&quot;sizes&quot;:[]}}\" data-widget_type=\"media-carousel.default\">\n\t\t\t\t<div class=\"elementor-widget-container\">\n\t\t\t\t\t\t\t\t\t<div class=\"elementor-swiper\">\n\t\t\t\t\t<div class=\"elementor-main-swiper swiper\" role=\"region\" aria-roledescription=\"carousel\" aria-label=\"Slides\">\n\t\t\t\t<div class=\"swiper-wrapper\">\n\t\t\t\t\t\t\t\t\t\t\t<div class=\"swiper-slide\" role=\"group\" aria-roledescription=\"slide\">\n\t\t\t\t\t\t\t\t\t<div class=\"elementor-carousel-image swiper-lazy\" role=\"img\" aria-label=\"cura-brasil-photos-399\" data-background=\"https:\/\/curabrasil.org\/wp-content\/uploads\/2025\/09\/cura-brasil-photos-399.webp\">\n\n\t\t\t\t\t\t\t<div class=\"swiper-lazy-preloader\"><\/div>\n\t\t\t\n\t\t\t\t\t<\/div>\n\t\t\t\t\t\t\t\t<\/div>\n\t\t\t\t\t\t\t\t\t\t\t<div class=\"swiper-slide\" role=\"group\" aria-roledescription=\"slide\">\n\t\t\t\t\t\t\t\t\t<div class=\"elementor-carousel-image swiper-lazy\" role=\"img\" aria-label=\"cura-brasil-photos-375\" data-background=\"https:\/\/curabrasil.org\/wp-content\/uploads\/2025\/09\/cura-brasil-photos-375.webp\">\n\n\t\t\t\t\t\t\t<div class=\"swiper-lazy-preloader\"><\/div>\n\t\t\t\n\t\t\t\t\t<\/div>\n\t\t\t\t\t\t\t\t<\/div>\n\t\t\t\t\t\t\t\t\t\t\t<div class=\"swiper-slide\" role=\"group\" aria-roledescription=\"slide\">\n\t\t\t\t\t\t\t\t\t<div class=\"elementor-carousel-image swiper-lazy\" role=\"img\" aria-label=\"cura-brasil-student-volunteers-001\" data-background=\"https:\/\/curabrasil.org\/wp-content\/uploads\/2025\/10\/cura-brasil-student-volunteers-001.webp\">\n\n\t\t\t\t\t\t\t<div class=\"swiper-lazy-preloader\"><\/div>\n\t\t\t\n\t\t\t\t\t<\/div>\n\t\t\t\t\t\t\t\t<\/div>\n\t\t\t\t\t\t\t\t\t\t\t<div class=\"swiper-slide\" role=\"group\" aria-roledescription=\"slide\">\n\t\t\t\t\t\t\t\t\t<div class=\"elementor-carousel-image swiper-lazy\" role=\"img\" aria-label=\"cura-brasil-student-volunteers-002\" data-background=\"https:\/\/curabrasil.org\/wp-content\/uploads\/2025\/10\/cura-brasil-student-volunteers-002.webp\">\n\n\t\t\t\t\t\t\t<div class=\"swiper-lazy-preloader\"><\/div>\n\t\t\t\n\t\t\t\t\t<\/div>\n\t\t\t\t\t\t\t\t<\/div>\n\t\t\t\t\t\t\t\t\t\t\t<div class=\"swiper-slide\" role=\"group\" aria-roledescription=\"slide\">\n\t\t\t\t\t\t\t\t\t<div class=\"elementor-carousel-image swiper-lazy\" role=\"img\" aria-label=\"cura-brasil-photos-390\" data-background=\"https:\/\/curabrasil.org\/wp-content\/uploads\/2025\/09\/cura-brasil-photos-390.webp\">\n\n\t\t\t\t\t\t\t<div class=\"swiper-lazy-preloader\"><\/div>\n\t\t\t\n\t\t\t\t\t<\/div>\n\t\t\t\t\t\t\t\t<\/div>\n\t\t\t\t\t\t\t\t\t<\/div>\n\t\t\t\t\t\t\t\t\t\t\t\t\t\t\t<div class=\"elementor-swiper-button elementor-swiper-button-prev\" role=\"button\" tabindex=\"0\" aria-label=\"Anterior\">\n\t\t\t\t\t\t\t<i aria-hidden=\"true\" class=\"eicon-chevron-left\"><\/i>\t\t\t\t\t\t<\/div>\n\t\t\t\t\t\t<div class=\"elementor-swiper-button elementor-swiper-button-next\" role=\"button\" tabindex=\"0\" aria-label=\"Pr\u00f3ximo\">\n\t\t\t\t\t\t\t<i aria-hidden=\"true\" class=\"eicon-chevron-right\"><\/i>\t\t\t\t\t\t<\/div>\n\t\t\t\t\t\t\t\t\t\t\t\t\t\t\t\t\t<\/div>\n\t\t\t\t<\/div>\n\t\t\t\t\t\t\t\t<\/div>\n\t\t\t\t<\/div>\n\t\t\t\t<\/div>\n\t\t<div class=\"elementor-element elementor-element-8549bcc e-con-full e-flex e-con e-child\" data-id=\"8549bcc\" data-element_type=\"container\" data-e-type=\"container\" data-settings=\"{&quot;background_background&quot;:&quot;classic&quot;}\">\n\t\t\t\t<div class=\"elementor-element elementor-element-d28fa71 elementor-widget elementor-widget-heading\" data-id=\"d28fa71\" data-element_type=\"widget\" data-e-type=\"widget\" data-widget_type=\"heading.default\">\n\t\t\t\t<div class=\"elementor-widget-container\">\n\t\t\t\t\t<h2 class=\"elementor-heading-title elementor-size-default\">Volunt\u00e1rios Universit\u00e1rios<\/h2>\t\t\t\t<\/div>\n\t\t\t\t<\/div>\n\t\t\t\t<div class=\"elementor-element elementor-element-a99937f elementor-widget elementor-widget-text-editor\" data-id=\"a99937f\" data-element_type=\"widget\" data-e-type=\"widget\" data-widget_type=\"text-editor.default\">\n\t\t\t\t<div class=\"elementor-widget-container\">\n\t\t\t\t\t\t\t\t\t<div>No CURA, acreditamos que a educa\u00e7\u00e3o e o exemplo t\u00eam o poder de transformar e inspirar outras pessoas a seguir o mesmo caminho.<\/div><div>Desde o in\u00edcio, abrimos nossas portas para universit\u00e1rios da \u00e1rea da sa\u00fade que desejam ser volunt\u00e1rios e vivenciar em primeira m\u00e3o a realidade de servir pessoas em situa\u00e7\u00f5es de vulnerabilidade.<\/div><div>\u00a0<\/div><div>Por meio dessa experi\u00eancia, os universit\u00e1rios t\u00eam a oportunidade de aprender com m\u00e9dicos e especialistas qualificados, participar de atendimentos reais \u00e0 comunidade e descobrir o verdadeiro valor de servir com amor.<\/div><div>Nosso prop\u00f3sito \u00e9 plantar nos cora\u00e7\u00f5es desses futuros profissionais a compreens\u00e3o de que cuidar do pr\u00f3ximo vai al\u00e9m da pr\u00e1tica m\u00e9dica: trata-se de respeito, empatia e humanidade.<\/div><div>\u00a0<\/div><div>Ao longo dos anos, recebemos universit\u00e1rios de diversas universidades e constru\u00edmos uma parceria significativa com a Universidade UNIFAE, em S\u00e3o Jo\u00e3o da Boa Vista, S\u00e3o Paulo.<\/div><div>Temos testemunhado o qu\u00e3o profundamente transformadora essa experi\u00eancia pode ser, tanto profissional quanto pessoalmente, ensinando o verdadeiro significado de servir e amar o pr\u00f3ximo com prop\u00f3sito e compaix\u00e3o.<\/div><div>\u00a0<\/div><div>Al\u00e9m dessa viv\u00eancia, alguns estudantes tamb\u00e9m tiveram a oportunidade de praticar o ingl\u00eas e de ir aos Estados Unidos para realizar est\u00e1gios com m\u00e9dicos que atuam como volunt\u00e1rios do Cura no Brasil.<\/div><div>Essas experi\u00eancias ampliam perspectivas e fortalecem nossa miss\u00e3o de formar profissionais que liderem com empatia, sensibilidade e um verdadeiro esp\u00edrito de servi\u00e7o.<\/div>\t\t\t\t\t\t\t\t<\/div>\n\t\t\t\t<\/div>\n\t\t\t\t<div class=\"elementor-element elementor-element-a54739b elementor-align-left elementor-mobile-align-left elementor-widget elementor-widget-button\" data-id=\"a54739b\" data-element_type=\"widget\" data-e-type=\"widget\" data-widget_type=\"button.default\">\n\t\t\t\t<div class=\"elementor-widget-container\">\n\t\t\t\t\t\t\t\t\t<div class=\"elementor-button-wrapper\">\n\t\t\t\t\t<a class=\"elementor-button elementor-button-link elementor-size-sm\" href=\"\/pt\/contact-us\/\">\n\t\t\t\t\t\t<span class=\"elementor-button-content-wrapper\">\n\t\t\t\t\t\t\t\t\t<span class=\"elementor-button-text\">Participe<\/span>\n\t\t\t\t\t<\/span>\n\t\t\t\t\t<\/a>\n\t\t\t\t<\/div>\n\t\t\t\t\t\t\t\t<\/div>\n\t\t\t\t<\/div>\n\t\t\t\t<\/div>\n\t\t\t\t<\/div>\n\t\t\t\t<\/div>\n\t\t\t\t\t<\/div>\n\t\t\t\t<\/div>\n\t\t\t\t<\/div>","protected":false},"excerpt":{"rendered":"<p>How We Help Free Medical Services CURA BRASIL is committed to providing free, high-quality medical care to those who otherwise would not have access. Our volunteer doctors, nurses, and healthcare professionals offer services across a wide range of specialties, including ophthalmology, gynecology, dentistry, orthopedics, physical therapy, family medicine, and pediatrics. By meeting essential healthcare needs, [&hellip;]<\/p>\n","protected":false},"author":2,"featured_media":0,"parent":0,"menu_order":0,"comment_status":"closed","ping_status":"closed","template":"elementor_header_footer","meta":{"footnotes":""},"class_list":["post-886","page","type-page","status-publish","hentry"],"_links":{"self":[{"href":"https:\/\/curabrasil.org\/pt\/wp-json\/wp\/v2\/pages\/886","targetHints":{"allow":["GET"]}}],"collection":[{"href":"https:\/\/curabrasil.org\/pt\/wp-json\/wp\/v2\/pages"}],"about":[{"href":"https:\/\/curabrasil.org\/pt\/wp-json\/wp\/v2\/types\/page"}],"author":[{"embeddable":true,"href":"https:\/\/curabrasil.org\/pt\/wp-json\/wp\/v2\/users\/2"}],"replies":[{"embeddable":true,"href":"https:\/\/curabrasil.org\/pt\/wp-json\/wp\/v2\/comments?post=886"}],"version-history":[{"count":232,"href":"https:\/\/curabrasil.org\/pt\/wp-json\/wp\/v2\/pages\/886\/revisions"}],"predecessor-version":[{"id":6382,"href":"https:\/\/curabrasil.org\/pt\/wp-json\/wp\/v2\/pages\/886\/revisions\/6382"}],"wp:attachment":[{"href":"https:\/\/curabrasil.org\/pt\/wp-json\/wp\/v2\/media?parent=886"}],"curies":[{"name":"wp","href":"https:\/\/api.w.org\/{rel}","templated":true}]}}